{"id":7587,"date":"2023-05-16T10:08:10","date_gmt":"2023-05-16T10:08:10","guid":{"rendered":"https:\/\/www.lexiapark.com\/application-form"},"modified":"2023-05-16T10:11:07","modified_gmt":"2023-05-16T10:11:07","slug":"application-form","status":"publish","type":"page","link":"https:\/\/www.lexiapark.com\/ca\/application-form","title":{"rendered":"Application form"},"content":{"rendered":"<div class=\"wpb-content-wrapper\"><p>[vc_row css=&#8221;.vc_custom_1677255625718{margin-top: 40px !important;margin-bottom: 40px !important;}&#8221;][vc_column][vc_column_text]<div class=\"frm_forms  with_frm_style frm_style_estilos-formidable frm_full_submit\" id=\"frm_form_3_container\" data-token=\"d16de78314b5bef5eb450418403d31d9\">\n<form enctype=\"multipart\/form-data\" method=\"post\" class=\"frm-show-form  frm_js_validate  frm_pro_form  frm_slideup \" id=\"form_applicationform2\" data-token=\"d16de78314b5bef5eb450418403d31d9\">\n<div class=\"frm_form_fields  frm_page_num_1\">\n<fieldset>\n<legend class=\"frm_screen_reader\">Application Form<\/legend>\r\n\r\n<div class=\"frm_fields_container\">\n<div class=\"frm_rootline_group\" role=\"group\" tabindex=\"0\" aria-label=\"Page 1 of 7\" ><ul class=\"frm_page_bar frm_rootline_7 frm_progress frm_progress_line frm_no_numbers frm_show_lines \"><li class=\"frm_rootline_single frm_current_page\"><input type=\"button\" value=\"1\" data-page=\"\" class=\" frm_page_1\" aria-disabled=\"true\" data-field=\"0\" aria-label=\"P\u00e1gina 1\"  \/><\/li><li class=\"frm_rootline_single\"><input type=\"button\" value=\"2\" data-page=\"11\" class=\"frm_page_skip frm_page_2\" data-field=\"35\" aria-label=\"Next\"  \/><\/li><li class=\"frm_rootline_single\"><input type=\"button\" value=\"3\" data-page=\"17\" class=\"frm_page_skip frm_page_3\" data-field=\"38\" aria-label=\"Next\"  \/><\/li><li class=\"frm_rootline_single\"><input type=\"button\" value=\"4\" data-page=\"25\" class=\"frm_page_skip frm_page_4\" data-field=\"40\" aria-label=\"Next\"  \/><\/li><li class=\"frm_rootline_single\"><input type=\"button\" value=\"5\" data-page=\"33\" class=\"frm_page_skip frm_page_5\" data-field=\"42\" aria-label=\"Next\"  \/><\/li><li class=\"frm_rootline_single\"><input type=\"button\" value=\"6\" data-page=\"41\" class=\"frm_page_skip frm_page_6\" data-field=\"44\" aria-label=\"Next\"  \/><\/li><li class=\"frm_rootline_single\"><input type=\"button\" value=\"7\" data-page=\"47\" class=\"frm_page_skip frm_page_7\" data-field=\"46\" aria-label=\"Next\"  \/><\/li><\/ul><div class=\"frm_clearfix\"><\/div><\/div><input type=\"hidden\" name=\"frm_action\" value=\"create\" \/>\n<input type=\"hidden\" name=\"form_id\" value=\"3\" \/>\n<input type=\"hidden\" name=\"frm_hide_fields_3\" id=\"frm_hide_fields_3\" value=\"\" \/>\n<input type=\"hidden\" name=\"form_key\" value=\"applicationform2\" \/>\n<input type=\"hidden\" name=\"item_meta[0]\" value=\"\" \/>\n<input type=\"hidden\" id=\"frm_submit_entry_3\" name=\"frm_submit_entry_3\" value=\"e80db5a9dc\" \/><input type=\"hidden\" name=\"_wp_http_referer\" value=\"\/ca\/wp-json\/wp\/v2\/pages\/7587\" \/><div id=\"frm_field_51_container\" class=\"frm_form_field  frm_html_container form-field\">\n<h6 class=\"primer-parrafo-application-form\">To help us streamline the selection process, please avoid submitting this form multiple times. We assess applicants based on their abilities, not on the timing or quantity of their submissions ?<\/h6>\n<\/div>\n<div id=\"frm_field_49_container\" class=\"frm_form_field form-field  frm_required_field frm_top_container frm6 frm_first\">\r\n    <label for=\"field_9qezc\" id=\"field_9qezc_label\" class=\"frm_primary_label\">Please fill in your full name.\r\n        <span class=\"frm_required\" aria-hidden=\"true\">*<\/span>\r\n    <\/label>\r\n    <input  type=\"text\" id=\"field_9qezc\" name=\"item_meta[49]\" value=\"\"  autocomplete=\"name\"  data-reqmsg=\"Este campo no puede estar en blanco.\" aria-required=\"true\" data-invmsg=\"Texto no es v\u00e1lido\" aria-invalid=\"false\"   aria-describedby=\"frm_desc_field_9qezc\" \/>\r\n    <div class=\"frm_description\" id=\"frm_desc_field_9qezc\">Name<\/div>\r\n    \r\n<\/div>\n<div id=\"frm_field_50_container\" class=\"frm_form_field form-field  frm_required_field frm_top_container frm6\">\r\n    <label for=\"field_2emu3\" id=\"field_2emu3_label\" class=\"frm_primary_label\">\r\n        <span class=\"frm_required\" aria-hidden=\"true\">*<\/span>\r\n    <\/label>\r\n    <input  type=\"text\" id=\"field_2emu3\" name=\"item_meta[50]\" value=\"\"  autocomplete=\"family-name\"  data-reqmsg=\"Este campo no puede estar en blanco.\" aria-required=\"true\" data-invmsg=\"Texto no es v\u00e1lido\" aria-invalid=\"false\"   aria-describedby=\"frm_desc_field_2emu3\" \/>\r\n    <div class=\"frm_description\" id=\"frm_desc_field_2emu3\">Last name<\/div>\r\n    \r\n<\/div>\n<div id=\"frm_field_28_container\" class=\"frm_form_field form-field  frm_required_field frm_top_container frm12 frm_two_col frm_other_container\">\r\n    <div  id=\"field_tpdd5_label\" class=\"frm_primary_label\">Select the services you wish to offer\r\n        <span class=\"frm_required\" aria-hidden=\"true\">*<\/span>\r\n    <\/div>\r\n    <div class=\"frm_opt_container\" aria-labelledby=\"field_tpdd5_label\" role=\"group\">\t\t<div class=\"frm_checkbox\" id=\"frm_checkbox_28-0\">\t\t\t<label  for=\"field_tpdd5-0\">\n\t\t\t<input type=\"checkbox\" name=\"item_meta[28][]\" id=\"field_tpdd5-0\" value=\"Translation\"  data-reqmsg=\"Select the services you wish to offer cannot be blank.\" data-invmsg=\"Select the services you wish to offer is invalid\"   aria-required=\"true\"  \/> Translation<\/label><\/div>\n\t\t<div class=\"frm_checkbox\" id=\"frm_checkbox_28-1\">\t\t\t<label  for=\"field_tpdd5-1\">\n\t\t\t<input type=\"checkbox\" name=\"item_meta[28][]\" id=\"field_tpdd5-1\" value=\"Voice-over\"  data-reqmsg=\"Select the services you wish to offer cannot be blank.\" data-invmsg=\"Select the services you wish to offer is invalid\"   \/> Voice-over<\/label><\/div>\n\t\t<div class=\"frm_checkbox\" id=\"frm_checkbox_28-2\">\t\t\t<label  for=\"field_tpdd5-2\">\n\t\t\t<input type=\"checkbox\" name=\"item_meta[28][]\" id=\"field_tpdd5-2\" value=\"Post-editing\"  data-reqmsg=\"Select the services you wish to offer cannot be blank.\" data-invmsg=\"Select the services you wish to offer is invalid\"   \/> Post-editing<\/label><\/div>\n\t\t<div class=\"frm_checkbox\" id=\"frm_checkbox_28-3\">\t\t\t<label  for=\"field_tpdd5-3\">\n\t\t\t<input type=\"checkbox\" name=\"item_meta[28][]\" id=\"field_tpdd5-3\" value=\"Interpreting\"  data-reqmsg=\"Select the services you wish to offer cannot be blank.\" data-invmsg=\"Select the services you wish to offer is invalid\"   \/> Interpreting<\/label><\/div>\n\t\t<div class=\"frm_checkbox\" id=\"frm_checkbox_28-4\">\t\t\t<label  for=\"field_tpdd5-4\">\n\t\t\t<input type=\"checkbox\" name=\"item_meta[28][]\" id=\"field_tpdd5-4\" value=\"Proofreading\"  data-reqmsg=\"Select the services you wish to offer cannot be blank.\" data-invmsg=\"Select the services you wish to offer is invalid\"   \/> Proofreading<\/label><\/div>\n\t\t<div class=\"frm_checkbox\" id=\"frm_checkbox_28-5\">\t\t\t<label  for=\"field_tpdd5-5\">\n\t\t\t<input type=\"checkbox\" name=\"item_meta[28][]\" id=\"field_tpdd5-5\" value=\"DTP\"  data-reqmsg=\"Select the services you wish to offer cannot be blank.\" data-invmsg=\"Select the services you wish to offer is invalid\"   \/> DTP<\/label><\/div>\n\t\t<div class=\"frm_checkbox\" id=\"frm_checkbox_28-6\">\t\t\t<label  for=\"field_tpdd5-6\">\n\t\t\t<input type=\"checkbox\" name=\"item_meta[28][]\" id=\"field_tpdd5-6\" value=\"Sworn translation\"  data-reqmsg=\"Select the services you wish to offer cannot be blank.\" data-invmsg=\"Select the services you wish to offer is invalid\"   \/> Sworn translation<\/label><\/div>\n\t\t<div class=\"frm_checkbox\" id=\"frm_checkbox_28-7\">\t\t\t<label  for=\"field_tpdd5-7\">\n\t\t\t<input type=\"checkbox\" name=\"item_meta[28][]\" id=\"field_tpdd5-7\" value=\"Project Management\"  data-reqmsg=\"Select the services you wish to offer cannot be blank.\" data-invmsg=\"Select the services you wish to offer is invalid\"   \/> Project Management<\/label><\/div>\n\t\t<div class=\"frm_checkbox\" id=\"frm_checkbox_28-8\">\t\t\t<label  for=\"field_tpdd5-8\">\n\t\t\t<input type=\"checkbox\" name=\"item_meta[28][]\" id=\"field_tpdd5-8\" value=\"Subtitling\"  data-reqmsg=\"Select the services you wish to offer cannot be blank.\" data-invmsg=\"Select the services you wish to offer is invalid\"   \/> Subtitling<\/label><\/div>\n\t\t<div class=\"frm_checkbox\" id=\"frm_checkbox_28-9\">\t\t\t<label  for=\"field_tpdd5-9\">\n\t\t\t<input type=\"checkbox\" name=\"item_meta[28][]\" id=\"field_tpdd5-9\" value=\"Internship\"  data-reqmsg=\"Select the services you wish to offer cannot be blank.\" data-invmsg=\"Select the services you wish to offer is invalid\"   \/> Internship<\/label><\/div>\n\t\t<div class=\"frm_checkbox\" id=\"frm_checkbox_28-10\">\t\t\t<label  for=\"field_tpdd5-10\">\n\t\t\t<input type=\"checkbox\" name=\"item_meta[28][]\" id=\"field_tpdd5-10\" value=\"Transcription\"  data-reqmsg=\"Select the services you wish to offer cannot be blank.\" data-invmsg=\"Select the services you wish to offer is invalid\"   \/> Transcription<\/label><\/div>\n\t\t<div class=\"frm_checkbox\" id=\"frm_checkbox_28-other_12\">\t\t\t<label  for=\"field_tpdd5-other_12\">\n\t\t\t<input type=\"checkbox\" name=\"item_meta[28][other_12]\" id=\"field_tpdd5-other_12\" value=\"Other\"  data-reqmsg=\"Select the services you wish to offer cannot be blank.\" data-invmsg=\"Select the services you wish to offer is invalid\"   \/> Other<\/label><label for=\"field_tpdd5-other_12-otext\" class=\"frm_screen_reader frm_hidden\">Other<\/label><input type=\"text\" id=\"field_tpdd5-other_12-otext\" class=\"frm_other_input frm_pos_none\"  name=\"item_meta[other][28][other_12]\" value=\"\" \/><\/div>\n<\/div>\r\n    <div class=\"frm_description\" id=\"frm_desc_field_tpdd5\">Please limit your selection to the services you have a lot of experience with.<\/div>\r\n    \r\n<\/div>\n<div id=\"frm_field_11_container\" class=\"frm_form_field form-field  frm_required_field frm_top_container frm12\">\r\n    <label for=\"field_wzvjc\" id=\"field_wzvjc_label\" class=\"frm_primary_label\">Could you provide information about your educational background?\r\n        <span class=\"frm_required\" aria-hidden=\"true\">*<\/span>\r\n    <\/label>\r\n    <textarea name=\"item_meta[11]\" id=\"field_wzvjc\" rows=\"7\"  data-reqmsg=\"Could you provide information about your educational background? cannot be blank.\" aria-required=\"true\" data-invmsg=\"Could you provide information about your educational background? no es v\u00e1lido\" aria-invalid=\"false\"  ><\/textarea>\r\n    \r\n    \r\n<\/div>\n<input type=\"hidden\" name=\"frm_page_order_3\" id=\"frm_page_order_3\" value=\"11\" \/>\t\t<input  type=\"hidden\" name=\"item_meta[12]\" id=\"field_td5jr\" value=\"\"  data-placeholder=\"Select an option\"     \/>\n\t\t\t\t<input  type=\"hidden\" name=\"item_meta[13]\" id=\"field_5pg2j\" value=\"\"  data-placeholder=\"Select an option\"  data-frmlimit=\"2\"     \/>\n\t\t\t\t<input  type=\"hidden\" name=\"item_meta[38]\" id=\"field_jdgmi\" value=\"\"     \/>\n\t\t\t\t<input  type=\"hidden\" name=\"item_meta[14]\" id=\"field_do6zs-0\" value=\"\"     \/>\n\t\t\t\t<input  type=\"hidden\" name=\"item_meta[15]\" id=\"field_yylnc-0\" value=\"\"     \/>\n\t\t\t\t<input  type=\"hidden\" name=\"item_meta[40]\" id=\"field_97x9v\" value=\"\"     \/>\n\t\t\t\t<input  type=\"hidden\" name=\"item_meta[17]\" id=\"field_q43qp\" value=\"\"     \/>\n\t\t\t\t<input  type=\"hidden\" name=\"item_meta[20]\" id=\"field_9kaj8\" value=\"\"  data-placeholder=\"Select an option\"     \/>\n\t\t\t\t<input  type=\"hidden\" name=\"item_meta[42]\" id=\"field_sktli\" value=\"\"     \/>\n\t\t\t\t<input  type=\"hidden\" name=\"item_meta[21]\" id=\"field_w1o4g\" value=\"\"     \/>\n\t\t\t\t<input  type=\"hidden\" name=\"item_meta[22]\" id=\"field_duwnn\" value=\"\"     \/>\n\t\t\t\t<input  type=\"hidden\" name=\"item_meta[44]\" id=\"field_yiw4z\" value=\"\"     \/>\n\t\t\t\t<input  type=\"hidden\" name=\"item_meta[23]\" id=\"field_rjlyn\" value=\"\"     \/>\n\t\t\t\t<input  type=\"hidden\" name=\"item_meta[24]\" id=\"field_hurv4\" value=\"\"     \/>\n\t\t\t\t<input  type=\"hidden\" name=\"item_meta[46]\" id=\"field_yc8gq\" value=\"\"     \/>\n\t\t\t\t<input  type=\"hidden\" name=\"item_meta[25]\" id=\"field_lq5kk\" value=\"\"     \/>\n\t\t\t<input type=\"hidden\" name=\"item_key\" value=\"\" \/>\n\t\t\t<div id=\"frm_field_52_container\">\n\t\t\t<label for=\"field_33xyp\" >\n\t\t\t\tIf you are human, leave this field blank.\t\t\t<\/label>\n\t\t\t<input  id=\"field_33xyp\" type=\"text\" class=\"frm_form_field form-field frm_verify\" name=\"item_meta[52]\" value=\"\"  \/>\n\t\t<\/div>\n\t\t<input name=\"frm_state\" type=\"hidden\" value=\"aCG8voDybT\/FnZEPSNSExn9XFyDe\/ZbrgpEKHwbMxwmZyLHcUYsrrxmkwhoacgaR\" \/><div class=\"frm_submit\">\r\n\r\n<button class=\"frm_button_submit\" type=\"submit\"  >Next<\/button>\r\n\r\n\r\n<\/div><\/div>\n<\/fieldset>\n<\/div>\n\n<\/form>\n<\/div>\n[\/vc_column_text][\/vc_column][\/vc_row][vc_row][vc_column][vc_column_text]En cumplimiento de lo dispuesto en el Reglamento General de Protecci\u00f3n de Datos 2016\/679 y en la Ley Org\u00e1nica 3\/2018 de Protecci\u00f3n de Datos Personales y garant\u00eda de los derechos digitales, le informamos que la informaci\u00f3n que nos facilita a trav\u00e9s de la presentaci\u00f3n voluntaria de su curr\u00edculum vitae ser\u00e1 utilizada por LEXIAPARK, S.L., con el fin de gesti\u00f3n de curriculums y procesos de selecci\u00f3n de personal dentro de la empresa. La legitimaci\u00f3n para dicha recogida de datos est\u00e1 basada en su consentimiento. Los datos proporcionados se conservar\u00e1n durante el periodo de realizaci\u00f3n de dichos procesos de selecci\u00f3n y durante unos meses posteriores en caso de que se produzca alguna vacante en dichos puestos. Los datos no se ceder\u00e1n salvo que sea necesario para la realizaci\u00f3n del proceso de selecci\u00f3n o por obligaci\u00f3n legal<\/p>\n<p>Usted tiene el derecho a acceder a sus datos personales, rectificar los datos inexactos o solicitar su supresi\u00f3n cuando los datos ya no sean necesarios para los fines para los que fueron recogidos, as\u00ed como cualesquiera d\u00ba reconocidos en el RGPD 2016\/679 y LOPDGDD, en las instalaciones centrales de la empresa situadas en PASSEIG PICASSO, 40. ENTRESUELO 1\u00aa, &#8211; 08003 Barcelona(Barcelona). E-mail: admin@lexiapark.com. Puede consultar informaci\u00f3n adicional dirigi\u00e9ndose a la empresa.<\/p>\n<p>LEXIAPARK, S.L., le informa que toda la informaci\u00f3n suministrada a trav\u00e9s de su curriculum ser\u00e1 tratada de forma estrictamente confidencial, tomando las medidas necesarias para que su contenido no se divulgue a terceros no autorizados, garantizado expresamente el cumplimiento del deber de secreto en relaci\u00f3n con todos los datos en \u00e9l contenidos, as\u00ed como la empresa declara tener implantadas las medidas de seguridad que son requeridas por la legislaci\u00f3n vigente en protecci\u00f3n de datos, en concreto las previstas en el Reglamento Europeo de Protecci\u00f3n de Datos 679\/2016, Ley Org\u00e1nica 3\/2018 de Protecci\u00f3n de Datos Personales y garant\u00eda de los derechos digitales y legislaci\u00f3n complementaria, y se obliga a mantener unas condiciones de seguridad en sus instalaciones y organizaci\u00f3n adecuadas al tipo de datos suministrados.[\/vc_column_text][\/vc_column][\/vc_row]<\/p>\n<\/div>","protected":false},"excerpt":{"rendered":"<p>[vc_row css=&#8221;.vc_custom_1677255625718{margin-top: 40px !important;margin-bottom: 40px !important;}&#8221;][vc_column][vc_column_text][\/vc_column_text][\/vc_column][\/vc_row][vc_row][vc_column][vc_column_text]En cumplimiento de lo dispuesto en el Reglamento General de Protecci\u00f3n de Datos 2016\/679 y en la Ley Org\u00e1nica 3\/2018 de Protecci\u00f3n de Datos Personales y garant\u00eda de los derechos digitales, le informamos que la informaci\u00f3n que nos facilita a trav\u00e9s de la presentaci\u00f3n voluntaria de su curr\u00edculum vitae ser\u00e1&hellip;<\/p>\n","protected":false},"author":5,"featured_media":0,"parent":0,"menu_order":0,"comment_status":"closed","ping_status":"closed","template":"","meta":{"footnotes":""},"class_list":["post-7587","page","type-page","status-publish","hentry"],"_links":{"self":[{"href":"https:\/\/www.lexiapark.com\/ca\/wp-json\/wp\/v2\/pages\/7587","targetHints":{"allow":["GET"]}}],"collection":[{"href":"https:\/\/www.lexiapark.com\/ca\/wp-json\/wp\/v2\/pages"}],"about":[{"href":"https:\/\/www.lexiapark.com\/ca\/wp-json\/wp\/v2\/types\/page"}],"author":[{"embeddable":true,"href":"https:\/\/www.lexiapark.com\/ca\/wp-json\/wp\/v2\/users\/5"}],"replies":[{"embeddable":true,"href":"https:\/\/www.lexiapark.com\/ca\/wp-json\/wp\/v2\/comments?post=7587"}],"version-history":[{"count":8,"href":"https:\/\/www.lexiapark.com\/ca\/wp-json\/wp\/v2\/pages\/7587\/revisions"}],"predecessor-version":[{"id":7602,"href":"https:\/\/www.lexiapark.com\/ca\/wp-json\/wp\/v2\/pages\/7587\/revisions\/7602"}],"wp:attachment":[{"href":"https:\/\/www.lexiapark.com\/ca\/wp-json\/wp\/v2\/media?parent=7587"}],"curies":[{"name":"wp","href":"https:\/\/api.w.org\/{rel}","templated":true}]}}